{"id":223,"date":"2022-12-24T16:22:15","date_gmt":"2022-12-24T15:22:15","guid":{"rendered":"http:\/\/lacyclodyssee.com\/?page_id=223"},"modified":"2023-03-09T19:41:31","modified_gmt":"2023-03-09T18:41:31","slug":"scouting-vocabulary","status":"publish","type":"page","link":"https:\/\/lacyclodyssee.com\/index.php\/en\/scouting-vocabulary\/","title":{"rendered":"Scouting Vocabulary"},"content":{"rendered":"\n<figure class=\"wp-block-table has-small-font-size\"><table><tbody><tr><td class=\"has-text-align-center\" data-align=\"center\">\ufeff<\/td><td><strong>English<\/strong><\/td><td><strong>Fran\u00e7ais<\/strong><\/td><td><strong>Deutsch<\/strong><\/td><td><strong>Slovensk\u00fd<\/strong><\/td><td><strong>Magyar<\/strong><\/td><td><strong>\u0421\u0440\u043f\u0441\u043a\u0438<\/strong><\/td><td><strong>Rom\u00e2n\u0103<\/strong><\/td><td><strong>\u0431\u044a\u043b\u0433\u0430\u0440\u0441\u043a\u0438<\/strong><\/td><td><strong>\u10e5\u10d0\u10e0\u10d7\u10e3\u10da\u10d8<\/strong><\/td><td><strong>azer<\/strong>baycan dili<\/td><\/tr><tr><td class=\"has-text-align-center\" data-align=\"center\"><img data-recalc-dims=\"1\" decoding=\"async\" src=\"https:\/\/i0.wp.com\/lacyclodyssee.com\/wp-content\/uploads\/2022\/12\/Tente-picto.webp?w=780\" alt=\"\" style=\"width: 150px;\"><\/td><td>Tent<\/td><td>Tente<\/td><td>Zelt<\/td><td>Stan<\/td><td>S\u00e0tor<\/td><td>\u0421\u0430\u0442\u043e\u0440 (Sator)<\/td><td>Cort<\/td><td>\u043f\u0430\u043b\u0430\u0442\u043a\u0430 (palatka)<\/td><td><\/td><td>\u00e7adir<\/td><\/tr><tr><td class=\"has-text-align-center\" data-align=\"center\"><img data-recalc-dims=\"1\" decoding=\"async\" src=\"https:\/\/i0.wp.com\/lacyclodyssee.com\/wp-content\/uploads\/2022\/12\/dessin-yourte.jpg?w=780\" alt=\"\" style=\"width: 150px;\"><\/td><td>Yourt<\/td><td>Yourte<\/td><td>Jurte<\/td><td>Hangar<\/td><td>Jurta<\/td><td>\u041a\u043e\u0437\u0430\u0440\u0430 (Kozara)<\/td><td>Iurta<\/td><td>\u044e\u0440\u0442\u0430 (yourta)<\/td><td><\/td><td>Yurt<\/td><\/tr><tr><td class=\"has-text-align-center\" data-align=\"center\"><img data-recalc-dims=\"1\" decoding=\"async\" src=\"https:\/\/i0.wp.com\/lacyclodyssee.com\/wp-content\/uploads\/2022\/12\/sardine.jpg?w=780\" alt=\"\" style=\"width: 150px;\"><\/td><td>Tent peg<\/td><td>Sardine<\/td><td>Hering<\/td><td>Kolik<\/td><td>C\u00f6vek<\/td><td>\u041a\u043e\u0447\u0438\u045b (Ko\u010di\u0107)<\/td><td>Cui de ancorare<\/td><td>\u043a\u043e\u043b\u0447\u0435 (kolche)<\/td><td><\/td><td>\u00e7adir \u00e7ubugu<\/td><\/tr><tr><td class=\"has-text-align-center\" data-align=\"center\"><img data-recalc-dims=\"1\" decoding=\"async\" src=\"https:\/\/i0.wp.com\/lacyclodyssee.com\/wp-content\/uploads\/2022\/12\/tapis-de-sol.jpg?w=780\" alt=\"\" style=\"width: 150px;\"><\/td><td>Ground sheet<\/td><td>Tapis de sol<\/td><td>Sonnensegel<\/td><td>Celta<\/td><td>S\u00e0tor lap<\/td><td>\u043f\u043e\u0434 (Pod)<\/td><td>Izopren<\/td><td>\u0448\u0430\u043b\u0442\u0435 (shalte)<\/td><td><\/td><td>yer \u00f6rt\u00fcy\u00fc<\/td><\/tr><tr><td class=\"has-text-align-center\" data-align=\"center\"><img data-recalc-dims=\"1\" decoding=\"async\" src=\"https:\/\/i0.wp.com\/lacyclodyssee.com\/wp-content\/uploads\/2022\/12\/piquet-de-tente.jpg?w=780\" alt=\"\" style=\"width: 150px;\"><\/td><td>Tent frame<\/td><td>Piquet de tente<\/td><td>Zeltstange<\/td><td>Stanove tyce<\/td><td>S\u00e0tor r\u00f9d<\/td><td>\u0441\u0438\u043f\u043a\u0435 (Sipke)<\/td><td>Bete de cort<\/td><td>\u0440\u0435\u0439\u043a\u0430 (re\u012dka)<\/td><td><\/td><td>\u00e7adir \u00e7er\u00e7ivesi<\/td><\/tr><tr><td class=\"has-text-align-center\" data-align=\"center\"><img data-recalc-dims=\"1\" decoding=\"async\" src=\"https:\/\/i0.wp.com\/lacyclodyssee.com\/wp-content\/uploads\/2022\/12\/pelle.png?w=780\" alt=\"\" style=\"width: 150px;\"><\/td><td>Shovel<\/td><td>Pelle<\/td><td>Schaufel<\/td><td>Ryl<\/td><td>\u00e0s\u00f2<\/td><td>\u0410\u0441\u043e\u0432 (Asov)<\/td><td>Lopata<\/td><td>\u043b\u043e\u043f\u0430\u0442\u0430 (lopata)<\/td><td><\/td><td>bel<\/td><\/tr><tr><td class=\"has-text-align-center\" data-align=\"center\"><img data-recalc-dims=\"1\" decoding=\"async\" src=\"https:\/\/i0.wp.com\/lacyclodyssee.com\/wp-content\/uploads\/2022\/12\/pioche.webp?w=780\" alt=\"\" style=\"width: 150px;\"><\/td><td>Pickaxe<\/td><td>Pioche<\/td><td>Spitzhacke<\/td><td>Krompac<\/td><td>Cs\u00e0k\u00e0ny<\/td><td>\u041a\u0440\u0430\u043c\u043f (Kramp)<\/td><td>Tarnacop<\/td><td>\u043a\u0438\u0440\u043a\u0430 (kirka)<\/td><td><\/td><td>k\u00fcl\u00fcng<\/td><\/tr><tr><td class=\"has-text-align-center\" data-align=\"center\"><img data-recalc-dims=\"1\" decoding=\"async\" src=\"https:\/\/i0.wp.com\/lacyclodyssee.com\/wp-content\/uploads\/2022\/12\/hache.jpg?w=780\" alt=\"\" style=\"width: 150px;\"><\/td><td>Axe<\/td><td>Hache<\/td><td>Axt<\/td><td>Sekera<\/td><td>Balta<\/td><td>\u0421\u0435\u043a\u0438\u0440\u0430 (Sekira)<\/td><td>Topor<\/td><td>\u0431\u0440\u0430\u0434\u0432\u0430 (bradva)<\/td><td><\/td><td>balta<\/td><\/tr><tr><td class=\"has-text-align-center\" data-align=\"center\"><img data-recalc-dims=\"1\" decoding=\"async\" src=\"https:\/\/i0.wp.com\/lacyclodyssee.com\/wp-content\/uploads\/2022\/12\/Scie.jpg?w=780\" alt=\"\" style=\"width: 150px;\"><\/td><td>Saw<\/td><td>Scie<\/td><td>Saege<\/td><td>Pilka<\/td><td>F\u0171r\u00e9sz<\/td><td>\u0422\u0435\u0441\u0442\u0435\u0440\u0430 (Testera)<\/td><td>Fierastrau<\/td><td>\u0442\u0440\u0438\u043e\u043d (trion)<\/td><td><\/td><td>mishar<\/td><\/tr><tr><td class=\"has-text-align-center\" data-align=\"center\"><img data-recalc-dims=\"1\" decoding=\"async\" src=\"https:\/\/i0.wp.com\/lacyclodyssee.com\/wp-content\/uploads\/2022\/12\/corde.jpg?w=780\" alt=\"\" style=\"width: 150px;\"><\/td><td>Rope<\/td><td>Corde<\/td><td>Seil<\/td><td>Lano<\/td><td>K\u00f6t\u00e9l<\/td><td>\u0423\u0437\u0435 (Uze)<\/td><td>Franghie<\/td><td>\u0432\u044a\u0436\u0435 (v\u016dzhe)<\/td><td><\/td><td>kendir<\/td><\/tr><tr><td class=\"has-text-align-center\" data-align=\"center\"><img data-recalc-dims=\"1\" decoding=\"async\" src=\"https:\/\/i0.wp.com\/lacyclodyssee.com\/wp-content\/uploads\/2022\/12\/ficelle.png?w=780\" alt=\"\" style=\"width: 150px;\"><\/td><td>String<\/td><td>Ficelle<\/td><td>Schnur<\/td><td>Spagat<\/td><td>Sp\u00e0rga<\/td><td>\u041a\u0430\u043d\u0430\u043f (Kanap)<\/td><td>Coarda<\/td><td>\u043a\u0430\u043d\u0430\u043f (kanap)<\/td><td><\/td><td>ip<\/td><\/tr><tr><td class=\"has-text-align-center\" data-align=\"center\"><img data-recalc-dims=\"1\" decoding=\"async\" src=\"https:\/\/i0.wp.com\/lacyclodyssee.com\/wp-content\/uploads\/2022\/12\/poele.jpg?w=780\" alt=\"\" style=\"width: 150px;\"><\/td><td>Stove<\/td><td>Po\u00eale<\/td><td>Pfanne<\/td><td>Panvica<\/td><td>Serpeny\u0151<\/td><td>\u0422\u0438\u0433\u0430\u045a (Tiganj)<\/td><td>Tigaie<\/td><td>\u0442\u0438\u0433\u0430\u043d (tigan)<\/td><td><\/td><td>tava<\/td><\/tr><tr><td class=\"has-text-align-center\" data-align=\"center\"><img data-recalc-dims=\"1\" decoding=\"async\" src=\"https:\/\/i0.wp.com\/lacyclodyssee.com\/wp-content\/uploads\/2022\/12\/casserole.webp?w=780\" alt=\"\" style=\"width: 150px;\"><\/td><td>Pan<\/td><td>Casserole<\/td><td>Topf<\/td><td>Hrniec<\/td><td>Ed\u00e9ny-l\u00e0bos<\/td><td>C\u0435\u0440\u043f\u0430 (Serpa)<\/td><td>Oala<\/td><td>\u0442\u0435\u043d\u0434\u0436\u0435\u0440\u0430 (tendzhera)<\/td><td><\/td><td>qazan<\/td><\/tr><tr><td class=\"has-text-align-center\" data-align=\"center\"><img data-recalc-dims=\"1\" decoding=\"async\" src=\"https:\/\/i0.wp.com\/lacyclodyssee.com\/wp-content\/uploads\/2022\/12\/louche.png?w=780\" alt=\"\" style=\"width: 150px;\"><\/td><td>Ladle<\/td><td>Louche<\/td><td>Schoepfkelle<\/td><td>Zufanka<\/td><td>Mer\u0151kan\u00e0l<\/td><td>\u041a\u0443\u0442\u043b\u0430\u0446\u0430 (Kutlaca)<\/td><td>Polonic<\/td><td>\u0447\u0435\u0440\u043f\u0430\u043a (cherpak)<\/td><td><\/td><td>\u00e7\u00f6m\u00e7e<\/td><\/tr><tr><td class=\"has-text-align-center\" data-align=\"center\"><img data-recalc-dims=\"1\" decoding=\"async\" src=\"https:\/\/i0.wp.com\/lacyclodyssee.com\/wp-content\/uploads\/2022\/12\/passoire.jpg?w=780\" alt=\"\" style=\"width: 150px;\"><\/td><td>Strainer<\/td><td>Passoire<\/td><td>Nudelsieb<\/td><td>Sitko<\/td><td>T\u00e9sztasz\u0171r\u0151<\/td><td>\u0427\u0435\u0434\u0438\u0459\u043a\u0430 (\u010cediljka)<\/td><td>Sita<\/td><td>\u0433\u0435\u0432\u0433\u0438\u0440 (gevgir)<\/td><td><\/td><td>s\u00fczgec<\/td><\/tr><tr><td class=\"has-text-align-center\" data-align=\"center\"><img data-recalc-dims=\"1\" decoding=\"async\" src=\"https:\/\/i0.wp.com\/lacyclodyssee.com\/wp-content\/uploads\/2022\/12\/ouvre-boite.jpg?w=780\" alt=\"\" style=\"width: 150px;\"><\/td><td>Can opener<\/td><td>Ouvre-bo\u00eete<\/td><td>Dosenoefner<\/td><td>Otvarak na konzervy<\/td><td>Konzervnyit\u00f2<\/td><td>\u041e\u0442\u0432\u0430\u0440\u0430\u0446 \u0437\u0430 \u043a\u043e\u043d\u0437\u0435\u0440\u0432\u0435 (Otvarac za konzerve)<\/td><td>Desfacator de conserve<\/td><td>\u043e\u0442\u0432\u0430\u0440\u0430\u0447\u043a\u0430 \u043d\u0430 \u043a\u043e\u043d\u0441\u0435\u0440\u0432\u0438 (otvarachka na konservi)<\/td><td><\/td><td>konserv   a\u00e7an<\/td><\/tr><tr><td class=\"has-text-align-center\" data-align=\"center\"><img data-recalc-dims=\"1\" decoding=\"async\" src=\"https:\/\/i0.wp.com\/lacyclodyssee.com\/wp-content\/uploads\/2022\/12\/tire-bouchon.png?w=780\" alt=\"\" style=\"width: 150px;\"><\/td><td>Corkscrew<\/td><td>Tire-bouchon<\/td><td>Korkenzieher<\/td><td>Vyvrtka<\/td><td>Dug\u00f2h\u00f9z\u00f2<\/td><td>\u0412\u0430\u0434\u0438\u0446\u0435\u043f (Vadicep)<\/td><td>Tirbuson<\/td><td>\u0442\u0438\u0440\u0431\u0443\u0448\u043e\u043d (tirbushon)<\/td><td><\/td><td>tixac a\u00e7an<\/td><\/tr><tr><td class=\"has-text-align-center\" data-align=\"center\"><img data-recalc-dims=\"1\" decoding=\"async\" src=\"https:\/\/i0.wp.com\/lacyclodyssee.com\/wp-content\/uploads\/2022\/12\/allumette.jpg?w=780\" alt=\"\" style=\"width: 150px;\"><\/td><td>Matches<\/td><td>Allumettes<\/td><td>Streichholz<\/td><td>Zapalky<\/td><td>Gyufa<\/td><td>\u0421\u0438\u0431\u0438\u0446\u0435 (Sibice)<\/td><td>Chibrituri<\/td><td>\u043a\u0438\u0431\u0440\u0438\u0442 (kibrit)<\/td><td><\/td><td>kibrit<\/td><\/tr><tr><td class=\"has-text-align-center\" data-align=\"center\"><img data-recalc-dims=\"1\" decoding=\"async\" src=\"https:\/\/i0.wp.com\/lacyclodyssee.com\/wp-content\/uploads\/2022\/12\/briquet.jpg?w=780\" alt=\"\" style=\"width: 150px;\"><\/td><td>Lighter<\/td><td>Briquet<\/td><td>Feuerzeug<\/td><td>Zapalovac<\/td><td>\u00d6ngyujt\u00f2<\/td><td>\u0423\u043f\u0430\u0459\u0430\u0446 (Upaljac)<\/td><td>Bricheta<\/td><td>\u0437\u0430\u043f\u0430\u043b\u043a\u0430 (zapalka)<\/td><td><\/td><td>alishqan<\/td><\/tr><tr><td class=\"has-text-align-center\" data-align=\"center\"><img data-recalc-dims=\"1\" decoding=\"async\" src=\"https:\/\/i0.wp.com\/lacyclodyssee.com\/wp-content\/uploads\/2022\/12\/papier-journal.webp?w=780\" alt=\"\" style=\"width: 150px;\"><\/td><td>Newspaper<\/td><td>Papier journal<\/td><td>Zeitung<\/td><td>Noviny<\/td><td>\u00f9js\u00e0g<\/td><td>H\u043e\u0432\u0438\u043d\u0435 (Novine)<\/td><td>Ziar<\/td><td>\u0432\u0435\u0441\u0442\u043d\u0438\u043a (vestnik)<\/td><td><\/td><td>qazet<\/td><\/tr><tr><td class=\"has-text-align-center\" data-align=\"center\"><img data-recalc-dims=\"1\" decoding=\"async\" src=\"https:\/\/i0.wp.com\/lacyclodyssee.com\/wp-content\/uploads\/2022\/12\/feu.webp?w=780\" alt=\"\" style=\"width: 150px;\"><\/td><td>Firecamp<\/td><td>Feu<\/td><td>Lagerfeuer<\/td><td>Taborak<\/td><td>T\u00e0bort\u0171z<\/td><td>\u041b\u043e\u0433\u043e\u0440\u0441\u043a\u0430 \u0432\u0430\u0442\u0440\u0430 (Logorska vatra)<\/td><td>Foc de tabara<\/td><td>\u043e\u0433\u044a\u043d (og\u016dn)<\/td><td><\/td><td>ocaq<\/td><\/tr><tr><td class=\"has-text-align-center\" data-align=\"center\"><img data-recalc-dims=\"1\" decoding=\"async\" src=\"https:\/\/i0.wp.com\/lacyclodyssee.com\/wp-content\/uploads\/2022\/12\/boussole.webp?w=780\" alt=\"\" style=\"width: 150px;\"><\/td><td>Compass<\/td><td>Boussole<\/td><td>Kompass<\/td><td>Kompas<\/td><td>Ir\u00e0nyt\u0171<\/td><td>\u041a\u043e\u043f\u0430\u0441 (Kopas)<\/td><td>Busola<\/td><td>\u043a\u043e\u043c\u043f\u0430\u0441 (kompas)<\/td><td><\/td><td>kompas<\/td><\/tr><tr><td class=\"has-text-align-center\" data-align=\"center\"><img data-recalc-dims=\"1\" decoding=\"async\" src=\"https:\/\/i0.wp.com\/lacyclodyssee.com\/wp-content\/uploads\/2022\/12\/carte-routiere.jpg?w=780\" alt=\"\" style=\"width: 150px;\"><\/td><td>Map<\/td><td>Carte<\/td><td>Karte<\/td><td>Mapa<\/td><td>T\u00e8rk\u00e8p<\/td><td>M\u0430\u043f\u0430 (Mapa)<\/td><td>Harta<\/td><td>\u043a\u0430\u0440\u0442\u0430 (karta)<\/td><td><\/td><td>xerite<\/td><\/tr><tr><td class=\"has-text-align-center\" data-align=\"center\"><img data-recalc-dims=\"1\" decoding=\"async\" src=\"https:\/\/i0.wp.com\/lacyclodyssee.com\/wp-content\/uploads\/2022\/12\/gourde.png?w=780\" alt=\"\"><\/td><td>Gourd<\/td><td>Gourde<\/td><td>Trinkflasche<\/td><td>Cutora<\/td><td>Kulacs<\/td><td>Kutupa (Cutura)<\/td><td>Bidon de apa<\/td><td>\u0448\u0438\u0448\u0435, \u0431\u0443\u0442\u0438\u043b\u043a\u0430 (shishe, butilka)<\/td><td><\/td><td>sh\u00fcshe, butilka<\/td><\/tr><tr><td class=\"has-text-align-center\" data-align=\"center\"><img data-recalc-dims=\"1\" decoding=\"async\" src=\"https:\/\/i0.wp.com\/lacyclodyssee.com\/wp-content\/uploads\/2022\/12\/couteau.webp?w=780\" alt=\"\" style=\"width: 150px;\"><\/td><td>Knife<\/td><td>Couteau<\/td><td>Messer<\/td><td>Noz<\/td><td>K\u00e8s<\/td><td>H\u043e\u0437 (Noz)<\/td><td>Cutit<\/td><td>\u043d\u043e\u0436 (nozh)<\/td><td><\/td><td>bi\u00e7aq<\/td><\/tr><tr><td class=\"has-text-align-center\" data-align=\"center\"><img data-recalc-dims=\"1\" decoding=\"async\" src=\"https:\/\/i0.wp.com\/lacyclodyssee.com\/wp-content\/uploads\/2022\/12\/fourchette.jpg?w=780\" alt=\"\" style=\"width: 150px;\"><\/td><td>Forch<\/td><td>Fourchette<\/td><td>Gabel<\/td><td>Vidlicka<\/td><td>Villa<\/td><td>\u0412\u0438\u0459\u0443\u0448\u043a\u0430 (Vilju\u0161ka)<\/td><td>Furculita<\/td><td>\u0432\u0438\u043b\u0438\u0446\u0430 (vilitsa)<\/td><td><\/td><td>\u00e7engel<\/td><\/tr><tr><td class=\"has-text-align-center\" data-align=\"center\"><img data-recalc-dims=\"1\" decoding=\"async\" src=\"https:\/\/i0.wp.com\/lacyclodyssee.com\/wp-content\/uploads\/2022\/12\/cuillere.png?w=780\" alt=\"\" style=\"width: 150px;\"><\/td><td>Spoon<\/td><td>Cuill\u00e8re<\/td><td>Loeffel<\/td><td>Lyzica<\/td><td>Kan\u00e0l<\/td><td>\u041a\u0430\u0441\u0438\u043a\u0430 (Kasika)<\/td><td>Lingura<\/td><td>\u043b\u044a\u0436\u0438\u0446\u0430 (l\u016dzhitsa)<\/td><td><\/td><td>qashiq<\/td><\/tr><tr><td class=\"has-text-align-center\" data-align=\"center\"><img data-recalc-dims=\"1\" decoding=\"async\" src=\"https:\/\/i0.wp.com\/lacyclodyssee.com\/wp-content\/uploads\/2022\/12\/quart.webp?w=780\" alt=\"\" style=\"width: 150px;\"><\/td><td>Mug<\/td><td>Quart, verre<\/td><td>Tasse<\/td><td>Hrncek<\/td><td>B\u00f6gre<\/td><td>\u0421\u043e\u0459\u0430 (Solja)<\/td><td>Cana<\/td><td>\u043a\u0430\u043d\u0447\u0435 (kanche)<\/td><td><\/td><td>demir fincan(krushka)<\/td><\/tr><tr><td class=\"has-text-align-center\" data-align=\"center\"><img data-recalc-dims=\"1\" decoding=\"async\" src=\"https:\/\/i0.wp.com\/lacyclodyssee.com\/wp-content\/uploads\/2022\/12\/uniforme-scout.jpg?w=780\" alt=\"\" style=\"width: 150px;\"><\/td><td>Uniform<\/td><td>Uniforme<\/td><td>Kluft<\/td><td>Rovnosata<\/td><td>Egyenruha<\/td><td>Y\u043d\u0438\u0444\u043e\u0440\u043c\u0430 (Uniforma)<\/td><td>Uniforma<\/td><td>\u0443\u043d\u0438\u0444\u043e\u0440\u043c\u0430 (uniforma)<\/td><td><\/td><td>uniforma<\/td><\/tr><tr><td class=\"has-text-align-center\" data-align=\"center\"><img data-recalc-dims=\"1\" decoding=\"async\" src=\"https:\/\/i0.wp.com\/lacyclodyssee.com\/wp-content\/uploads\/2022\/12\/fouard-scout.png?w=780\" alt=\"\" style=\"width: 150px;\"><\/td><td>Scarf<\/td><td>Foulard<\/td><td>Halstuch<\/td><td>Satka<\/td><td>Nyakkend\u0151<\/td><td>\u041c\u0430\u0440\u0430\u043c\u0430 (Marama)<\/td><td>Esarfa<\/td><td>\u0432\u0440\u044a\u0437\u043a\u0430 (vr\u016dzka)<\/td><td><\/td><td>bogaz \u00f6rpeyi (qalstuq)<\/td><\/tr><tr><td class=\"has-text-align-center\" data-align=\"center\"><img data-recalc-dims=\"1\" decoding=\"async\" src=\"https:\/\/i0.wp.com\/lacyclodyssee.com\/wp-content\/uploads\/2022\/12\/bague-foulard.jpg?w=780\" alt=\"\" style=\"width: 150px;\"><\/td><td>Scarf ring<\/td><td>Bague de foulard<\/td><td>Knoten<\/td><td>Turban<\/td><td>Gubacs<\/td><td>\u0427\u0432\u043e\u0440 \u0437\u0430 \u043c\u0430\u0440\u0430\u043c\u0443 (Cvor za maramu)<\/td><td>Inel de esarfa<\/td><td>\u0434\u044a\u0440\u0436\u0430\u0447 \u0437\u0430 \u0432\u0440\u044a\u0437\u043a\u0430 (d\u016drzhach za vr\u016dzka)<\/td><td><\/td><td>\u00f6rpey sixicisi<\/td><\/tr><tr><td class=\"has-text-align-center\" data-align=\"center\"><img data-recalc-dims=\"1\" decoding=\"async\" src=\"https:\/\/i0.wp.com\/lacyclodyssee.com\/wp-content\/uploads\/2022\/12\/chemise-scoute.png?w=780\" alt=\"\" style=\"width: 150px;\"><\/td><td>Shirt<\/td><td>Chemise<\/td><td>Kluft<\/td><td>Kosela<\/td><td>Ing<\/td><td>\u041a\u043e\u0441\u0443\u0459\u0430 (Kosulja)<\/td><td>Camasa<\/td><td>\u0440\u0438\u0437\u0430 (riza)<\/td><td><\/td><td>k\u00f6ynek<\/td><\/tr><tr><td class=\"has-text-align-center\" data-align=\"center\"><img data-recalc-dims=\"1\" decoding=\"async\" src=\"https:\/\/i0.wp.com\/lacyclodyssee.com\/wp-content\/uploads\/2022\/12\/ceinturon.png?w=780\" alt=\"\" style=\"width: 150px;\"><\/td><td>Belt<\/td><td>Ceinturon<\/td><td>Guertel<\/td><td>Opasok<\/td><td>\u00d6v<\/td><td>K\u0430\u0438\u0441 (Kais)<\/td><td>Curea<\/td><td>\u043a\u043e\u043b\u0430\u043d (kolan)<\/td><td><\/td><td>kemer<\/td><\/tr><tr><td class=\"has-text-align-center\" data-align=\"center\"><img data-recalc-dims=\"1\" decoding=\"async\" src=\"https:\/\/i0.wp.com\/lacyclodyssee.com\/wp-content\/uploads\/2022\/12\/patch.jpg?w=780\" alt=\"\" style=\"width: 150px;\"><\/td><td>Patch<\/td><td>Insigne<\/td><td>Abzeichen<\/td><td>Nasivky<\/td><td>Jelv\u00e9ny<\/td><td>\u0410\u043c\u0431\u043b\u0435\u043c\u0438 (Amblemi)<\/td><td>Insemn<\/td><td>\u0431\u0430\u0434\u0436 (badzh)<\/td><td><\/td><td>bedj<\/td><\/tr><tr><td class=\"has-text-align-center\" data-align=\"center\"><img data-recalc-dims=\"1\" decoding=\"async\" src=\"https:\/\/i0.wp.com\/lacyclodyssee.com\/wp-content\/uploads\/2022\/12\/flag-scout.png?w=780\" alt=\"\" style=\"width: 150px;\"><\/td><td>Flag<\/td><td>Drapeau<\/td><td>Fahne<\/td><td>Vlajka<\/td><td>Z\u00e0szl\u00f2<\/td><td>\u0417\u0430\u0441\u0442\u0430\u0432\u0430 (Zastava)<\/td><td>Steag<\/td><td>\u0437\u043d\u0430\u043c\u0435 (znama)<\/td><td><\/td><td>bayrag<\/td><\/tr><tr><td class=\"has-text-align-center\" data-align=\"center\"><img data-recalc-dims=\"1\" decoding=\"async\" src=\"https:\/\/i0.wp.com\/lacyclodyssee.com\/wp-content\/uploads\/2022\/12\/promesse-scout.jpg?w=780\" alt=\"\" style=\"width: 150px;\"><\/td><td>Scout oath<\/td><td>Promesse<\/td><td>Schwur<\/td><td>Skautsky slub<\/td><td>Tisztelg\u00e9s<\/td><td>\u0418\u0437\u0432\u0438\u0434\u0458\u0430\u0446\u043a\u0438 \u043f\u043e\u0437\u0434\u0440\u0430\u0432 (Izvidjacki pozdrav)<\/td><td>Promisiune<\/td><td>\u0441\u043a\u0430\u0443\u0442\u0441\u043a\u0438 \u0437\u043d\u0430\u043a (skaut\u00b7ski znak)<\/td><td><\/td><td>skaut salutu<\/td><\/tr><tr><td class=\"has-text-align-center\" data-align=\"center\"><img data-recalc-dims=\"1\" decoding=\"async\" src=\"https:\/\/i0.wp.com\/lacyclodyssee.com\/wp-content\/uploads\/2022\/12\/fleur-de-lys.webp?w=780\" alt=\"\" style=\"width: 150px;\"><\/td><td>Lily flower<\/td><td>Fleur de lys<\/td><td>Lillie<\/td><td>Lalia<\/td><td>Cserk\u00e9szliliom<\/td><td>K\u0440\u0438\u043d (Krin)<\/td><td>Floare de crin<\/td><td>\u0441\u043a\u0430\u0443\u0442\u0441\u043a\u0430 \u043b\u0438\u043b\u0438\u044f  (skaut\u00b7ska liliya)<\/td><td><\/td><td>zambag g\u00fcl\u00fc<\/td><\/tr><\/tbody><\/table><\/figure>\n","protected":false},"excerpt":{"rendered":"<p>\ufeff English Fran\u00e7ais Deutsch Slovensk\u00fd Magyar \u0421\u0440\u043f\u0441\u043a\u0438 Rom\u00e2n\u0103 \u0431\u044a\u043b\u0433\u0430\u0440\u0441\u043a\u0438 \u10e5\u10d0\u10e0\u10d7\u10e3\u10da\u10d8 azerbaycan dili Tent Tente Zelt Stan S\u00e0tor \u0421\u0430\u0442\u043e\u0440 (Sator) Cort \u043f\u0430\u043b\u0430\u0442\u043a\u0430 (palatka) \u00e7adir Yourt Yourte Jurte Hangar Jurta \u041a\u043e\u0437\u0430\u0440\u0430 (Kozara) Iurta \u044e\u0440\u0442\u0430 (yourta) Yurt Tent peg Sardine Hering Kolik C\u00f6vek \u041a\u043e\u0447\u0438\u045b (Ko\u010di\u0107) Cui de ancorare \u043a\u043e\u043b\u0447\u0435 (kolche) \u00e7adir \u00e7ubugu Ground sheet Tapis de sol Sonnensegel &hellip; <\/p>\n","protected":false},"author":1,"featured_media":0,"parent":0,"menu_order":0,"comment_status":"closed","ping_status":"closed","template":"","meta":{"footnotes":""},"class_list":["post-223","page","type-page","status-publish","hentry"],"jetpack_sharing_enabled":true,"_links":{"self":[{"href":"https:\/\/lacyclodyssee.com\/index.php\/wp-json\/wp\/v2\/pages\/223","targetHints":{"allow":["GET"]}}],"collection":[{"href":"https:\/\/lacyclodyssee.com\/index.php\/wp-json\/wp\/v2\/pages"}],"about":[{"href":"https:\/\/lacyclodyssee.com\/index.php\/wp-json\/wp\/v2\/types\/page"}],"author":[{"embeddable":true,"href":"https:\/\/lacyclodyssee.com\/index.php\/wp-json\/wp\/v2\/users\/1"}],"replies":[{"embeddable":true,"href":"https:\/\/lacyclodyssee.com\/index.php\/wp-json\/wp\/v2\/comments?post=223"}],"version-history":[{"count":26,"href":"https:\/\/lacyclodyssee.com\/index.php\/wp-json\/wp\/v2\/pages\/223\/revisions"}],"predecessor-version":[{"id":333,"href":"https:\/\/lacyclodyssee.com\/index.php\/wp-json\/wp\/v2\/pages\/223\/revisions\/333"}],"wp:attachment":[{"href":"https:\/\/lacyclodyssee.com\/index.php\/wp-json\/wp\/v2\/media?parent=223"}],"curies":[{"name":"wp","href":"https:\/\/api.w.org\/{rel}","templated":true}]}}