{"id":412,"date":"2024-01-05T18:24:59","date_gmt":"2024-01-05T17:24:59","guid":{"rendered":"https:\/\/lacyclodyssee.com\/?page_id=412"},"modified":"2024-01-05T18:25:01","modified_gmt":"2024-01-05T17:25:01","slug":"revue-de-presse","status":"publish","type":"page","link":"https:\/\/lacyclodyssee.com\/index.php\/revue-de-presse\/","title":{"rendered":"Revue de presse"},"content":{"rendered":"\n<p class=\"has-text-align-center\" style=\"font-size:37px\"><strong><em>Ils parlent de nous<\/em><\/strong><\/p>\n\n\n\n<h2 class=\"wp-block-heading\">Presse nationale et r\u00e9gionale<\/h2>\n\n\n\n<figure class=\"wp-block-gallery has-nested-images columns-default wp-block-gallery-1 is-layout-flex wp-block-gallery-is-layout-flex\">\n<figure class=\"wp-block-image size-200\"><img data-recalc-dims=\"1\" loading=\"lazy\" decoding=\"async\" width=\"780\" height=\"683\" data-id=\"421\" src=\"https:\/\/i0.wp.com\/lacyclodyssee.com\/wp-content\/uploads\/2024\/01\/LaCroix-02-08-2023-1.png?resize=780%2C683&#038;ssl=1\" alt=\"\" class=\"wp-image-421\" srcset=\"https:\/\/i0.wp.com\/lacyclodyssee.com\/wp-content\/uploads\/2024\/01\/LaCroix-02-08-2023-1.png?w=977&amp;ssl=1 977w, https:\/\/i0.wp.com\/lacyclodyssee.com\/wp-content\/uploads\/2024\/01\/LaCroix-02-08-2023-1.png?resize=300%2C263&amp;ssl=1 300w, https:\/\/i0.wp.com\/lacyclodyssee.com\/wp-content\/uploads\/2024\/01\/LaCroix-02-08-2023-1.png?resize=768%2C672&amp;ssl=1 768w, https:\/\/i0.wp.com\/lacyclodyssee.com\/wp-content\/uploads\/2024\/01\/LaCroix-02-08-2023-1.png?resize=69%2C60&amp;ssl=1 69w\" sizes=\"auto, (max-width: 780px) 100vw, 780px\" \/><figcaption class=\"wp-element-caption\"><a href=\"https:\/\/www.la-croix.com\/Religion\/Scoutisme-trois-chefs-scouts-rejoignent-Coree-Sud-velo-Jamboree-mondial-2023-08-02-1201277562\"><strong>La Croix, 2 ao\u00fbt 2022<\/strong><\/a><\/figcaption><\/figure>\n\n\n\n<figure class=\"wp-block-image size-200\"><img data-recalc-dims=\"1\" loading=\"lazy\" decoding=\"async\" width=\"740\" height=\"854\" data-id=\"423\" src=\"https:\/\/i0.wp.com\/lacyclodyssee.com\/wp-content\/uploads\/2024\/01\/France-Info-08-08-2023-1.png?resize=740%2C854&#038;ssl=1\" alt=\"\" class=\"wp-image-423\" srcset=\"https:\/\/i0.wp.com\/lacyclodyssee.com\/wp-content\/uploads\/2024\/01\/France-Info-08-08-2023-1.png?w=740&amp;ssl=1 740w, https:\/\/i0.wp.com\/lacyclodyssee.com\/wp-content\/uploads\/2024\/01\/France-Info-08-08-2023-1.png?resize=260%2C300&amp;ssl=1 260w, https:\/\/i0.wp.com\/lacyclodyssee.com\/wp-content\/uploads\/2024\/01\/France-Info-08-08-2023-1.png?resize=52%2C60&amp;ssl=1 52w\" sizes=\"auto, (max-width: 740px) 100vw, 740px\" \/><figcaption class=\"wp-element-caption\"><a href=\"https:\/\/www.francetvinfo.fr\/monde\/coree-du-sud\/donner-le-gout-de-l-aventure-a-la-jeunesse-trois-francais-ont-parcouru-15-000-kilometres-a-velo-pour-rejoindre-un-rassemblement-scout-en-coree-du-sud_5996009.html\"><strong>France Info, 8 ao\u00fbt 2023<\/strong><\/a><\/figcaption><\/figure>\n\n\n\n<figure class=\"wp-block-image size-200\"><img data-recalc-dims=\"1\" loading=\"lazy\" decoding=\"async\" width=\"780\" height=\"975\" data-id=\"422\" src=\"https:\/\/i0.wp.com\/lacyclodyssee.com\/wp-content\/uploads\/2024\/01\/Figaro-2-819x1024.jpg?resize=780%2C975&#038;ssl=1\" alt=\"\" class=\"wp-image-422\" srcset=\"https:\/\/i0.wp.com\/lacyclodyssee.com\/wp-content\/uploads\/2024\/01\/Figaro-2.jpg?resize=819%2C1024&amp;ssl=1 819w, https:\/\/i0.wp.com\/lacyclodyssee.com\/wp-content\/uploads\/2024\/01\/Figaro-2.jpg?resize=240%2C300&amp;ssl=1 240w, https:\/\/i0.wp.com\/lacyclodyssee.com\/wp-content\/uploads\/2024\/01\/Figaro-2.jpg?resize=768%2C960&amp;ssl=1 768w, https:\/\/i0.wp.com\/lacyclodyssee.com\/wp-content\/uploads\/2024\/01\/Figaro-2.jpg?resize=48%2C60&amp;ssl=1 48w, https:\/\/i0.wp.com\/lacyclodyssee.com\/wp-content\/uploads\/2024\/01\/Figaro-2.jpg?w=1080&amp;ssl=1 1080w\" sizes=\"auto, (max-width: 780px) 100vw, 780px\" \/><figcaption class=\"wp-element-caption\"><a href=\"https:\/\/www.lefigaro.fr\/international\/on-a-remonte-la-route-de-la-soie-partis-des-yvelines-comment-trois-scouts-ont-rejoint-la-coree-a-velo-20230809\"><strong>Le Figaro, 9 ao\u00fbt 2023<\/strong><\/a><\/figcaption><\/figure>\n\n\n\n<figure class=\"wp-block-image size-large\"><img data-recalc-dims=\"1\" loading=\"lazy\" decoding=\"async\" width=\"599\" height=\"599\" data-id=\"424\" src=\"https:\/\/i0.wp.com\/lacyclodyssee.com\/wp-content\/uploads\/2024\/01\/MPWeekly.png?resize=599%2C599&#038;ssl=1\" alt=\"\" class=\"wp-image-424\" srcset=\"https:\/\/i0.wp.com\/lacyclodyssee.com\/wp-content\/uploads\/2024\/01\/MPWeekly.png?w=599&amp;ssl=1 599w, https:\/\/i0.wp.com\/lacyclodyssee.com\/wp-content\/uploads\/2024\/01\/MPWeekly.png?resize=300%2C300&amp;ssl=1 300w, https:\/\/i0.wp.com\/lacyclodyssee.com\/wp-content\/uploads\/2024\/01\/MPWeekly.png?resize=150%2C150&amp;ssl=1 150w, https:\/\/i0.wp.com\/lacyclodyssee.com\/wp-content\/uploads\/2024\/01\/MPWeekly.png?resize=60%2C60&amp;ssl=1 60w, https:\/\/i0.wp.com\/lacyclodyssee.com\/wp-content\/uploads\/2024\/01\/MPWeekly.png?resize=468%2C468&amp;ssl=1 468w\" sizes=\"auto, (max-width: 599px) 100vw, 599px\" \/><figcaption class=\"wp-element-caption\"><a href=\"https:\/\/www.mpweekly.com\/culture\/%e7%a4%be%e6%9c%83\/%e3%80%90%e4%b8%96%e7%95%8c%e7%ab%a5%e8%bb%8d%e5%a4%a7%e9%9c%b2%e7%87%9f%ef%bd%9c%e6%b3%95%e5%9c%8b%e3%80%91%e6%ad%b7%e6%99%82220%e5%a4%a9%e8%b5%b0%e9%81%8e1%e8%90%ac5%e5%8d%83%e5%85%ac%e9%87%8c17\"><strong>MPWeekly, Honk-Kong 20 octobre 2023<\/strong><\/a><\/figcaption><\/figure>\n\n\n\n<figure class=\"wp-block-image size-large\"><img data-recalc-dims=\"1\" loading=\"lazy\" decoding=\"async\" width=\"780\" height=\"450\" data-id=\"415\" src=\"https:\/\/i0.wp.com\/lacyclodyssee.com\/wp-content\/uploads\/2024\/01\/France-3-HdF-15-10-2022-1024x591.png?resize=780%2C450&#038;ssl=1\" alt=\"\" class=\"wp-image-415\" srcset=\"https:\/\/i0.wp.com\/lacyclodyssee.com\/wp-content\/uploads\/2024\/01\/France-3-HdF-15-10-2022.png?resize=1024%2C591&amp;ssl=1 1024w, https:\/\/i0.wp.com\/lacyclodyssee.com\/wp-content\/uploads\/2024\/01\/France-3-HdF-15-10-2022.png?resize=300%2C173&amp;ssl=1 300w, https:\/\/i0.wp.com\/lacyclodyssee.com\/wp-content\/uploads\/2024\/01\/France-3-HdF-15-10-2022.png?resize=768%2C443&amp;ssl=1 768w, https:\/\/i0.wp.com\/lacyclodyssee.com\/wp-content\/uploads\/2024\/01\/France-3-HdF-15-10-2022.png?resize=330%2C190&amp;ssl=1 330w, https:\/\/i0.wp.com\/lacyclodyssee.com\/wp-content\/uploads\/2024\/01\/France-3-HdF-15-10-2022.png?resize=104%2C60&amp;ssl=1 104w, https:\/\/i0.wp.com\/lacyclodyssee.com\/wp-content\/uploads\/2024\/01\/France-3-HdF-15-10-2022.png?resize=780%2C450&amp;ssl=1 780w, https:\/\/i0.wp.com\/lacyclodyssee.com\/wp-content\/uploads\/2024\/01\/France-3-HdF-15-10-2022.png?w=1514&amp;ssl=1 1514w\" sizes=\"auto, (max-width: 780px) 100vw, 780px\" \/><figcaption class=\"wp-element-caption\"><a href=\"https:\/\/france3-regions.francetvinfo.fr\/hauts-de-france\/aisne\/trois-picards-se-preparent-a-pedaler-15-000-kilometres-afin-de-rejoindre-la-coree-du-sud-et-le-plus-grand-rassemblement-au-monde-de-scouts-2636048.html\"><strong>France 3, Hauts-de-France<\/strong><\/a><\/figcaption><\/figure>\n\n\n\n<figure class=\"wp-block-image size-large\"><img data-recalc-dims=\"1\" loading=\"lazy\" decoding=\"async\" width=\"780\" height=\"885\" data-id=\"417\" src=\"https:\/\/i0.wp.com\/lacyclodyssee.com\/wp-content\/uploads\/2024\/01\/Hebdo-des-Savoie-20-10-2022-e1704474917877-902x1024.png?resize=780%2C885&#038;ssl=1\" alt=\"\" class=\"wp-image-417\" srcset=\"https:\/\/i0.wp.com\/lacyclodyssee.com\/wp-content\/uploads\/2024\/01\/Hebdo-des-Savoie-20-10-2022-e1704474917877.png?resize=902%2C1024&amp;ssl=1 902w, https:\/\/i0.wp.com\/lacyclodyssee.com\/wp-content\/uploads\/2024\/01\/Hebdo-des-Savoie-20-10-2022-e1704474917877.png?resize=264%2C300&amp;ssl=1 264w, https:\/\/i0.wp.com\/lacyclodyssee.com\/wp-content\/uploads\/2024\/01\/Hebdo-des-Savoie-20-10-2022-e1704474917877.png?resize=768%2C872&amp;ssl=1 768w, https:\/\/i0.wp.com\/lacyclodyssee.com\/wp-content\/uploads\/2024\/01\/Hebdo-des-Savoie-20-10-2022-e1704474917877.png?resize=53%2C60&amp;ssl=1 53w, https:\/\/i0.wp.com\/lacyclodyssee.com\/wp-content\/uploads\/2024\/01\/Hebdo-des-Savoie-20-10-2022-e1704474917877.png?w=1248&amp;ssl=1 1248w\" sizes=\"auto, (max-width: 780px) 100vw, 780px\" \/><figcaption class=\"wp-element-caption\"><strong><a href=\"https:\/\/www.hebdo-des-savoie.com\/actualite\/a-la-une\/ils-ont-parcouru-17-pays-et-plus-de-15-000-km-pour-rejoindre-la-cor%C3%A9e-du-sud-%C3%A0\">Hebdo des Savoie<\/a>, 31 ao\u00fbt 2023<\/strong><\/figcaption><\/figure>\n\n\n\n<figure class=\"wp-block-image size-large\"><img data-recalc-dims=\"1\" loading=\"lazy\" decoding=\"async\" width=\"495\" height=\"626\" data-id=\"430\" src=\"https:\/\/i0.wp.com\/lacyclodyssee.com\/wp-content\/uploads\/2024\/01\/Union-ardennais-avril-2023.png?resize=495%2C626&#038;ssl=1\" alt=\"\" class=\"wp-image-430\" srcset=\"https:\/\/i0.wp.com\/lacyclodyssee.com\/wp-content\/uploads\/2024\/01\/Union-ardennais-avril-2023.png?w=495&amp;ssl=1 495w, https:\/\/i0.wp.com\/lacyclodyssee.com\/wp-content\/uploads\/2024\/01\/Union-ardennais-avril-2023.png?resize=237%2C300&amp;ssl=1 237w, https:\/\/i0.wp.com\/lacyclodyssee.com\/wp-content\/uploads\/2024\/01\/Union-ardennais-avril-2023.png?resize=47%2C60&amp;ssl=1 47w\" sizes=\"auto, (max-width: 495px) 100vw, 495px\" \/><figcaption class=\"wp-element-caption\"><a href=\"https:\/\/www.lunion.fr\/id509383\/article\/2023-08-05\/objectif-atteint-pour-la-cyclodyssee-arrivee-en-coree-du-sud\"><strong>L&rsquo;Union, 5 ao\u00fbt 2023<\/strong><\/a><\/figcaption><\/figure>\n\n\n\n<figure class=\"wp-block-image size-large\"><img data-recalc-dims=\"1\" loading=\"lazy\" decoding=\"async\" width=\"780\" height=\"679\" data-id=\"429\" src=\"https:\/\/i0.wp.com\/lacyclodyssee.com\/wp-content\/uploads\/2024\/01\/Aleteia-30-07-2023.png?resize=780%2C679&#038;ssl=1\" alt=\"\" class=\"wp-image-429\" srcset=\"https:\/\/i0.wp.com\/lacyclodyssee.com\/wp-content\/uploads\/2024\/01\/Aleteia-30-07-2023.png?w=962&amp;ssl=1 962w, https:\/\/i0.wp.com\/lacyclodyssee.com\/wp-content\/uploads\/2024\/01\/Aleteia-30-07-2023.png?resize=300%2C261&amp;ssl=1 300w, https:\/\/i0.wp.com\/lacyclodyssee.com\/wp-content\/uploads\/2024\/01\/Aleteia-30-07-2023.png?resize=768%2C669&amp;ssl=1 768w, https:\/\/i0.wp.com\/lacyclodyssee.com\/wp-content\/uploads\/2024\/01\/Aleteia-30-07-2023.png?resize=69%2C60&amp;ssl=1 69w\" sizes=\"auto, (max-width: 780px) 100vw, 780px\" \/><figcaption class=\"wp-element-caption\"><a href=\"https:\/\/fr.aleteia.org\/2023\/07\/30\/trois-scouts-ont-fait-15-000-km-a-velo-pour-rejoindre-le-jamboree-en-coree-du-sud\/\"><strong>Aleteia, 30 juillet 2023<\/strong><\/a><\/figcaption><\/figure>\n\n\n\n<figure class=\"wp-block-image size-large\"><img data-recalc-dims=\"1\" loading=\"lazy\" decoding=\"async\" width=\"780\" height=\"615\" data-id=\"428\" src=\"https:\/\/i0.wp.com\/lacyclodyssee.com\/wp-content\/uploads\/2024\/01\/Le-Progres-14-09-2023-1024x808.png?resize=780%2C615&#038;ssl=1\" alt=\"\" class=\"wp-image-428\" srcset=\"https:\/\/i0.wp.com\/lacyclodyssee.com\/wp-content\/uploads\/2024\/01\/Le-Progres-14-09-2023.png?resize=1024%2C808&amp;ssl=1 1024w, https:\/\/i0.wp.com\/lacyclodyssee.com\/wp-content\/uploads\/2024\/01\/Le-Progres-14-09-2023.png?resize=300%2C237&amp;ssl=1 300w, https:\/\/i0.wp.com\/lacyclodyssee.com\/wp-content\/uploads\/2024\/01\/Le-Progres-14-09-2023.png?resize=768%2C606&amp;ssl=1 768w, https:\/\/i0.wp.com\/lacyclodyssee.com\/wp-content\/uploads\/2024\/01\/Le-Progres-14-09-2023.png?resize=76%2C60&amp;ssl=1 76w, https:\/\/i0.wp.com\/lacyclodyssee.com\/wp-content\/uploads\/2024\/01\/Le-Progres-14-09-2023.png?w=1084&amp;ssl=1 1084w\" sizes=\"auto, (max-width: 780px) 100vw, 780px\" \/><figcaption class=\"wp-element-caption\"><a href=\"https:\/\/www.leprogres.fr\/societe\/2023\/09\/14\/15-600-kilometres-a-velo-pour-rejoindre-la-coree-du-sud-le-defi-fou-releve-par-ce-lyonnais\"><strong>Le Progr\u00e8s, 14 septembre 2023<\/strong><\/a><\/figcaption><\/figure>\n<\/figure>\n\n\n\n<p><\/p>\n\n\n\n<h2 class=\"wp-block-heading\">Podcasts, radio, t\u00e9l\u00e9<\/h2>\n\n\n\n<figure class=\"wp-block-gallery has-nested-images columns-default is-cropped wp-block-gallery-2 is-layout-flex wp-block-gallery-is-layout-flex\">\n<figure class=\"wp-block-image size-large\"><img data-recalc-dims=\"1\" loading=\"lazy\" decoding=\"async\" width=\"780\" height=\"780\" data-id=\"414\" src=\"https:\/\/i0.wp.com\/lacyclodyssee.com\/wp-content\/uploads\/2024\/01\/Arnaud-Manzanini-1024x1024.png?resize=780%2C780&#038;ssl=1\" alt=\"\" class=\"wp-image-414\" srcset=\"https:\/\/i0.wp.com\/lacyclodyssee.com\/wp-content\/uploads\/2024\/01\/Arnaud-Manzanini.png?resize=1024%2C1024&amp;ssl=1 1024w, https:\/\/i0.wp.com\/lacyclodyssee.com\/wp-content\/uploads\/2024\/01\/Arnaud-Manzanini.png?resize=300%2C300&amp;ssl=1 300w, https:\/\/i0.wp.com\/lacyclodyssee.com\/wp-content\/uploads\/2024\/01\/Arnaud-Manzanini.png?resize=150%2C150&amp;ssl=1 150w, https:\/\/i0.wp.com\/lacyclodyssee.com\/wp-content\/uploads\/2024\/01\/Arnaud-Manzanini.png?resize=768%2C768&amp;ssl=1 768w, https:\/\/i0.wp.com\/lacyclodyssee.com\/wp-content\/uploads\/2024\/01\/Arnaud-Manzanini.png?resize=60%2C60&amp;ssl=1 60w, https:\/\/i0.wp.com\/lacyclodyssee.com\/wp-content\/uploads\/2024\/01\/Arnaud-Manzanini.png?resize=468%2C468&amp;ssl=1 468w, https:\/\/i0.wp.com\/lacyclodyssee.com\/wp-content\/uploads\/2024\/01\/Arnaud-Manzanini.png?w=1200&amp;ssl=1 1200w\" sizes=\"auto, (max-width: 780px) 100vw, 780px\" \/><figcaption class=\"wp-element-caption\"><a href=\"https:\/\/podcasts.apple.com\/fr\/podcast\/250-la-cyclodyss%C3%A9e-nous-esp%C3%A9rons-ne-pas-%C3%AAtre-refoul%C3%A9\/id1446344082?i=1000610744083\"><strong>Ultratalk<\/strong><\/a><\/figcaption><\/figure>\n\n\n\n<figure class=\"wp-block-image size-large\"><img data-recalc-dims=\"1\" loading=\"lazy\" decoding=\"async\" width=\"494\" height=\"494\" data-id=\"427\" src=\"https:\/\/i0.wp.com\/lacyclodyssee.com\/wp-content\/uploads\/2024\/01\/Dove-Podcast-Jakob-Illek.jpeg?resize=494%2C494&#038;ssl=1\" alt=\"\" class=\"wp-image-427\" srcset=\"https:\/\/i0.wp.com\/lacyclodyssee.com\/wp-content\/uploads\/2024\/01\/Dove-Podcast-Jakob-Illek.jpeg?w=494&amp;ssl=1 494w, https:\/\/i0.wp.com\/lacyclodyssee.com\/wp-content\/uploads\/2024\/01\/Dove-Podcast-Jakob-Illek.jpeg?resize=300%2C300&amp;ssl=1 300w, https:\/\/i0.wp.com\/lacyclodyssee.com\/wp-content\/uploads\/2024\/01\/Dove-Podcast-Jakob-Illek.jpeg?resize=150%2C150&amp;ssl=1 150w, https:\/\/i0.wp.com\/lacyclodyssee.com\/wp-content\/uploads\/2024\/01\/Dove-Podcast-Jakob-Illek.jpeg?resize=60%2C60&amp;ssl=1 60w, https:\/\/i0.wp.com\/lacyclodyssee.com\/wp-content\/uploads\/2024\/01\/Dove-Podcast-Jakob-Illek.jpeg?resize=468%2C468&amp;ssl=1 468w\" sizes=\"auto, (max-width: 494px) 100vw, 494px\" \/><figcaption class=\"wp-element-caption\"><a href=\"https:\/\/open.spotify.com\/episode\/0HdStCmvA3gDU6fz9keh4U?si=2bDeYy1eTYqKdSS18fLRrg&amp;nd=1&amp;dlsi=9e6a7e9d89114900\"><strong>Diary of volonteers on earth<\/strong><\/a><\/figcaption><\/figure>\n<\/figure>\n\n\n\n<p><\/p>\n\n\n\n<p><\/p>\n\n\n\n<figure class=\"wp-block-embed is-type-video is-provider-youtube wp-block-embed-youtube wp-embed-aspect-16-9 wp-has-aspect-ratio\"><div class=\"wp-block-embed__wrapper\">\n<div class=\"jetpack-video-wrapper\"><iframe loading=\"lazy\" title=\"France - Cor\u00e9e \u00e0 v\u00e9lo : 15 500 km au compteur de ce Lyonnais\" width=\"780\" height=\"439\" src=\"https:\/\/www.youtube.com\/embed\/JdHDZrlbcyk?feature=oembed\" frameborder=\"0\" allow=\"accelerometer; autoplay; clipboard-write; encrypted-media; gyroscope; picture-in-picture; web-share\" allowfullscreen><\/iframe><\/div>\n<\/div><\/figure>\n\n\n\n<figure class=\"wp-block-embed is-type-video is-provider-youtube wp-block-embed-youtube wp-embed-aspect-16-9 wp-has-aspect-ratio\"><div class=\"wp-block-embed__wrapper\">\n<div class=\"jetpack-video-wrapper\"><iframe loading=\"lazy\" title=\"Florian parlait sur Sud Radio avec l&#039;association &quot;Aventures du Bout du Monde&quot;\" width=\"780\" height=\"439\" src=\"https:\/\/www.youtube.com\/embed\/0gWsYiopmT8?feature=oembed\" frameborder=\"0\" allow=\"accelerometer; autoplay; clipboard-write; encrypted-media; gyroscope; picture-in-picture; web-share\" allowfullscreen><\/iframe><\/div>\n<\/div><\/figure>\n\n\n\n<figure class=\"wp-block-embed is-type-video is-provider-youtube wp-block-embed-youtube wp-embed-aspect-16-9 wp-has-aspect-ratio\"><div class=\"wp-block-embed__wrapper\">\n<div class=\"jetpack-video-wrapper\"><iframe loading=\"lazy\" title=\"15,000km \ub2ec\ub824 \ubaa9\uc801\uc9c0\ub294 \u2018\uc0c8\ub9cc\uae08 \uc7bc\ubc84\ub9ac\u2019\u2026\uc628\uc5f4 \uc9c8\ud658 \uc6b0\ub824 \uc5ec\uc804 \/ KBS  2023.08.02.\" width=\"780\" height=\"439\" src=\"https:\/\/www.youtube.com\/embed\/ogO908JDLdQ?feature=oembed\" frameborder=\"0\" allow=\"accelerometer; autoplay; clipboard-write; encrypted-media; gyroscope; picture-in-picture; web-share\" allowfullscreen><\/iframe><\/div>\n<\/div><\/figure>\n\n\n\n<figure class=\"wp-block-embed is-type-video is-provider-youtube wp-block-embed-youtube wp-embed-aspect-16-9 wp-has-aspect-ratio\"><div class=\"wp-block-embed__wrapper\">\n<div class=\"jetpack-video-wrapper\"><iframe loading=\"lazy\" title=\"De Paris \u00e0 S\u00e9oul, des scouts en v\u00e9lo pour le Jamboree 2023\" width=\"780\" height=\"439\" src=\"https:\/\/www.youtube.com\/embed\/SmSA71eN8fY?feature=oembed\" frameborder=\"0\" allow=\"accelerometer; autoplay; clipboard-write; encrypted-media; gyroscope; picture-in-picture; web-share\" allowfullscreen><\/iframe><\/div>\n<\/div><\/figure>\n\n\n\n<figure class=\"wp-block-embed is-type-video is-provider-youtube wp-block-embed-youtube wp-embed-aspect-16-9 wp-has-aspect-ratio\"><div class=\"wp-block-embed__wrapper\">\n<div class=\"jetpack-video-wrapper\"><iframe loading=\"lazy\" title=\"\uc7bc\ubc84\ub9ac \ucc38\uc5ec\ud558\ub824\uace0 \ud30c\ub9ac\uc5d0\uc11c\ubd80\ud130 7\uac1c\uc6d4\ub3d9\uc548 \uc790\uc804\uac70 \ud0c0\uace0 \ud55c\uad6d \uc654\ub294\ub370.. l Jamboree from Paris to Korea by bicycle (@lacyclodyssee)\" width=\"780\" height=\"439\" src=\"https:\/\/www.youtube.com\/embed\/3Dq4tI_inwM?feature=oembed\" frameborder=\"0\" allow=\"accelerometer; autoplay; clipboard-write; encrypted-media; gyroscope; picture-in-picture; web-share\" allowfullscreen><\/iframe><\/div>\n<\/div><\/figure>\n\n\n\n<figure class=\"wp-block-embed is-type-video is-provider-youtube wp-block-embed-youtube wp-embed-aspect-16-9 wp-has-aspect-ratio\"><div class=\"wp-block-embed__wrapper\">\n<div class=\"jetpack-video-wrapper\"><iframe loading=\"lazy\" title=\"[Weekly Focus] 25TH WORLD SCOUT JAMBOREE\" width=\"780\" height=\"439\" src=\"https:\/\/www.youtube.com\/embed\/5PWjQLqkyV8?start=209&#038;feature=oembed\" frameborder=\"0\" allow=\"accelerometer; autoplay; clipboard-write; encrypted-media; gyroscope; picture-in-picture; web-share\" allowfullscreen><\/iframe><\/div>\n<\/div><\/figure>\n","protected":false},"excerpt":{"rendered":"<p>Ils parlent de nous Presse nationale et r\u00e9gionale Podcasts, radio, t\u00e9l\u00e9<\/p>\n","protected":false},"author":1,"featured_media":0,"parent":0,"menu_order":0,"comment_status":"closed","ping_status":"closed","template":"","meta":{"footnotes":""},"class_list":["post-412","page","type-page","status-publish","hentry"],"jetpack_sharing_enabled":true,"_links":{"self":[{"href":"https:\/\/lacyclodyssee.com\/index.php\/wp-json\/wp\/v2\/pages\/412","targetHints":{"allow":["GET"]}}],"collection":[{"href":"https:\/\/lacyclodyssee.com\/index.php\/wp-json\/wp\/v2\/pages"}],"about":[{"href":"https:\/\/lacyclodyssee.com\/index.php\/wp-json\/wp\/v2\/types\/page"}],"author":[{"embeddable":true,"href":"https:\/\/lacyclodyssee.com\/index.php\/wp-json\/wp\/v2\/users\/1"}],"replies":[{"embeddable":true,"href":"https:\/\/lacyclodyssee.com\/index.php\/wp-json\/wp\/v2\/comments?post=412"}],"version-history":[{"count":3,"href":"https:\/\/lacyclodyssee.com\/index.php\/wp-json\/wp\/v2\/pages\/412\/revisions"}],"predecessor-version":[{"id":431,"href":"https:\/\/lacyclodyssee.com\/index.php\/wp-json\/wp\/v2\/pages\/412\/revisions\/431"}],"wp:attachment":[{"href":"https:\/\/lacyclodyssee.com\/index.php\/wp-json\/wp\/v2\/media?parent=412"}],"curies":[{"name":"wp","href":"https:\/\/api.w.org\/{rel}","templated":true}]}}