{"id":464,"date":"2025-05-21T16:31:53","date_gmt":"2025-05-21T14:31:53","guid":{"rendered":"https:\/\/lacyclodyssee.com\/?page_id=464"},"modified":"2025-05-21T16:31:54","modified_gmt":"2025-05-21T14:31:54","slug":"our-movie","status":"publish","type":"page","link":"https:\/\/lacyclodyssee.com\/index.php\/our-movie\/","title":{"rendered":"Our movie"},"content":{"rendered":"\n<figure class=\"wp-block-embed is-type-video is-provider-youtube wp-block-embed-youtube wp-embed-aspect-16-9 wp-has-aspect-ratio\"><div class=\"wp-block-embed__wrapper\">\n<div class=\"jetpack-video-wrapper\"><iframe loading=\"lazy\" title=\"Bande annonce &quot;La Cyclodyss\u00e9e&quot;\" width=\"780\" height=\"439\" src=\"https:\/\/www.youtube.com\/embed\/0f9HHjFfHFU?feature=oembed\" frameborder=\"0\" allow=\"accelerometer; autoplay; clipboard-write; encrypted-media; gyroscope; picture-in-picture; web-share\" referrerpolicy=\"strict-origin-when-cross-origin\" allowfullscreen><\/iframe><\/div>\n<\/div><\/figure>\n\n\n\n<p><\/p>\n\n\n\n<p class=\"has-text-align-center has-large-font-size\"><strong><a href=\"https:\/\/lacyclodysse.vhx.tv\/\" data-type=\"link\" data-id=\"https:\/\/lacyclodysse.vhx.tv\/\">Le film est disponible sur Vim\u00e9o<\/a><\/strong><\/p>\n\n\n<div class=\"wp-block-image\">\n<figure class=\"aligncenter size-full\"><img data-recalc-dims=\"1\" loading=\"lazy\" decoding=\"async\" width=\"683\" height=\"353\" src=\"https:\/\/i0.wp.com\/lacyclodyssee.com\/wp-content\/uploads\/2025\/05\/Capture-decran-si-la-Cyclodyssee-Vimeo.png?resize=683%2C353&#038;ssl=1\" alt=\"\" class=\"wp-image-458\" srcset=\"https:\/\/i0.wp.com\/lacyclodyssee.com\/wp-content\/uploads\/2025\/05\/Capture-decran-si-la-Cyclodyssee-Vimeo.png?w=683&amp;ssl=1 683w, https:\/\/i0.wp.com\/lacyclodyssee.com\/wp-content\/uploads\/2025\/05\/Capture-decran-si-la-Cyclodyssee-Vimeo.png?resize=300%2C155&amp;ssl=1 300w, https:\/\/i0.wp.com\/lacyclodyssee.com\/wp-content\/uploads\/2025\/05\/Capture-decran-si-la-Cyclodyssee-Vimeo.png?resize=116%2C60&amp;ssl=1 116w\" sizes=\"auto, (max-width: 683px) 100vw, 683px\" \/><\/figure>\n<\/div>\n\n\n<p><\/p>\n\n\n\n<p>Apr\u00e8s de longs mois derri\u00e8re la table de montage, notre film est enfin pr\u00eat et nous commen\u00e7ons sa diffusion (festivals, m\u00e9diath\u00e8ques, groupes scolaires, entreprises, \u00e9v\u00e8nements scouts, &#8230;).<\/p>\n\n\n\n<figure class=\"wp-block-gallery has-nested-images columns-default is-cropped wp-block-gallery-1 is-layout-flex wp-block-gallery-is-layout-flex\">\n<figure class=\"wp-block-image size-large\"><img data-recalc-dims=\"1\" loading=\"lazy\" decoding=\"async\" width=\"768\" height=\"1024\" data-id=\"455\" src=\"https:\/\/i0.wp.com\/lacyclodyssee.com\/wp-content\/uploads\/2025\/05\/Affiches-Ecran2-768x1024.jpg?resize=768%2C1024&#038;ssl=1\" alt=\"\" class=\"wp-image-455\" srcset=\"https:\/\/i0.wp.com\/lacyclodyssee.com\/wp-content\/uploads\/2025\/05\/Affiches-Ecran2-scaled.jpg?resize=768%2C1024&amp;ssl=1 768w, https:\/\/i0.wp.com\/lacyclodyssee.com\/wp-content\/uploads\/2025\/05\/Affiches-Ecran2-scaled.jpg?resize=225%2C300&amp;ssl=1 225w, https:\/\/i0.wp.com\/lacyclodyssee.com\/wp-content\/uploads\/2025\/05\/Affiches-Ecran2-scaled.jpg?resize=1152%2C1536&amp;ssl=1 1152w, https:\/\/i0.wp.com\/lacyclodyssee.com\/wp-content\/uploads\/2025\/05\/Affiches-Ecran2-scaled.jpg?resize=1536%2C2048&amp;ssl=1 1536w, https:\/\/i0.wp.com\/lacyclodyssee.com\/wp-content\/uploads\/2025\/05\/Affiches-Ecran2-scaled.jpg?resize=45%2C60&amp;ssl=1 45w, https:\/\/i0.wp.com\/lacyclodyssee.com\/wp-content\/uploads\/2025\/05\/Affiches-Ecran2-scaled.jpg?w=1920&amp;ssl=1 1920w\" sizes=\"auto, (max-width: 768px) 100vw, 768px\" \/><\/figure>\n\n\n\n<figure class=\"wp-block-image size-large\"><img data-recalc-dims=\"1\" loading=\"lazy\" decoding=\"async\" width=\"768\" height=\"1024\" data-id=\"454\" src=\"https:\/\/i0.wp.com\/lacyclodyssee.com\/wp-content\/uploads\/2025\/05\/Affiches-Ecran-768x1024.jpg?resize=768%2C1024&#038;ssl=1\" alt=\"\" class=\"wp-image-454\" srcset=\"https:\/\/i0.wp.com\/lacyclodyssee.com\/wp-content\/uploads\/2025\/05\/Affiches-Ecran-scaled.jpg?resize=768%2C1024&amp;ssl=1 768w, https:\/\/i0.wp.com\/lacyclodyssee.com\/wp-content\/uploads\/2025\/05\/Affiches-Ecran-scaled.jpg?resize=225%2C300&amp;ssl=1 225w, https:\/\/i0.wp.com\/lacyclodyssee.com\/wp-content\/uploads\/2025\/05\/Affiches-Ecran-scaled.jpg?resize=1152%2C1536&amp;ssl=1 1152w, https:\/\/i0.wp.com\/lacyclodyssee.com\/wp-content\/uploads\/2025\/05\/Affiches-Ecran-scaled.jpg?resize=1536%2C2048&amp;ssl=1 1536w, https:\/\/i0.wp.com\/lacyclodyssee.com\/wp-content\/uploads\/2025\/05\/Affiches-Ecran-scaled.jpg?resize=45%2C60&amp;ssl=1 45w, https:\/\/i0.wp.com\/lacyclodyssee.com\/wp-content\/uploads\/2025\/05\/Affiches-Ecran-scaled.jpg?w=1920&amp;ssl=1 1920w\" sizes=\"auto, (max-width: 768px) 100vw, 768px\" \/><\/figure>\n<\/figure>\n\n\n\n<p><\/p>\n","protected":false},"excerpt":{"rendered":"<p>Le film est disponible sur Vim\u00e9o Apr\u00e8s de longs mois derri\u00e8re la table de montage, notre film est enfin pr\u00eat et nous commen\u00e7ons sa diffusion (festivals, m\u00e9diath\u00e8ques, groupes scolaires, entreprises, \u00e9v\u00e8nements scouts, &#8230;).<\/p>\n","protected":false},"author":1,"featured_media":0,"parent":0,"menu_order":0,"comment_status":"closed","ping_status":"closed","template":"","meta":{"footnotes":""},"class_list":["post-464","page","type-page","status-publish","hentry"],"jetpack_sharing_enabled":true,"_links":{"self":[{"href":"https:\/\/lacyclodyssee.com\/index.php\/wp-json\/wp\/v2\/pages\/464","targetHints":{"allow":["GET"]}}],"collection":[{"href":"https:\/\/lacyclodyssee.com\/index.php\/wp-json\/wp\/v2\/pages"}],"about":[{"href":"https:\/\/lacyclodyssee.com\/index.php\/wp-json\/wp\/v2\/types\/page"}],"author":[{"embeddable":true,"href":"https:\/\/lacyclodyssee.com\/index.php\/wp-json\/wp\/v2\/users\/1"}],"replies":[{"embeddable":true,"href":"https:\/\/lacyclodyssee.com\/index.php\/wp-json\/wp\/v2\/comments?post=464"}],"version-history":[{"count":1,"href":"https:\/\/lacyclodyssee.com\/index.php\/wp-json\/wp\/v2\/pages\/464\/revisions"}],"predecessor-version":[{"id":465,"href":"https:\/\/lacyclodyssee.com\/index.php\/wp-json\/wp\/v2\/pages\/464\/revisions\/465"}],"wp:attachment":[{"href":"https:\/\/lacyclodyssee.com\/index.php\/wp-json\/wp\/v2\/media?parent=464"}],"curies":[{"name":"wp","href":"https:\/\/api.w.org\/{rel}","templated":true}]}}